{"id":187,"date":"2025-10-28T21:48:53","date_gmt":"2025-10-28T21:48:53","guid":{"rendered":"https:\/\/caboplano.pt\/?post_type=product&#038;p=187"},"modified":"2025-10-28T21:48:53","modified_gmt":"2025-10-28T21:48:53","slug":"kit-luz-2-linhas-sem-ficha-tomada","status":"publish","type":"product","link":"https:\/\/caboplano.pt\/index.php\/produto\/kit-luz-2-linhas-sem-ficha-tomada\/","title":{"rendered":"Kit Luz 2 linhas (sem ficha\/tomada)"},"content":{"rendered":"<p style=\"font-weight: 400;\">Solu\u00e7\u00e3o completa com\u00a0<strong>cabo ultra-plano 230 V \/ 16 A (2 linhas)<\/strong>,<br \/>\nconectores e todos os acess\u00f3rios para instala\u00e7\u00e3o de ilumina\u00e7\u00e3o ou multim\u00e9dia.<\/p>\n<p style=\"font-weight: 400;\"><strong>Comprimentos dispon\u00edveis:<\/strong>\u00a01 m, 2 m, 3 m, 5 m, 10 m.<\/p>\n<p style=\"font-weight: 400;\"><strong>Inclui:<\/strong><\/p>\n<ul>\n<li>1 \u00d7 Cabo ultra-plano Magic Elek (comprimento \u00e0 escolha)<\/li>\n<li>2 \u00d7 Dominos para liga\u00e7\u00e3o a tomadas e equipamentos<\/li>\n<li>1 \u00d7 Fita adesiva dupla face para o cabo<\/li>\n<li>2 \u00d7 Fitas adesivas para conectores<\/li>\n<li>1 \u00d7 Cola para superf\u00edcies irregulares<\/li>\n<li>1 \u00d7 Adesivo de parede branco pint\u00e1vel<\/li>\n<li>1 \u00d7 Chave de fendas<\/li>\n<li>1 \u00d7 Manual de utiliza\u00e7\u00e3o ilustrado<\/li>\n<\/ul>\n","protected":false},"excerpt":{"rendered":"<p>Solu\u00e7\u00e3o completa com\u00a0cabo ultra-plano 230 V \/ 16 A (2 linhas), conectores e todos os acess\u00f3rios para instala\u00e7\u00e3o de ilumina\u00e7\u00e3o ou multim\u00e9dia. Comprimentos dispon\u00edveis:\u00a01 m, 2 m, 3 m, 5 m, 10 m. Inclui: 1 \u00d7 Cabo ultra-plano Magic Elek (comprimento \u00e0 escolha) 2 \u00d7 Dominos para liga\u00e7\u00e3o a tomadas e equipamentos 1 \u00d7 Fita [&hellip;]<\/p>\n","protected":false},"featured_media":152,"comment_status":"open","ping_status":"closed","template":"","meta":[],"product_brand":[],"product_cat":[18],"product_tag":[],"class_list":{"0":"post-187","1":"product","2":"type-product","3":"status-publish","4":"has-post-thumbnail","6":"product_cat-sem-categoria","8":"first","9":"instock","10":"shipping-taxable","11":"purchasable","12":"product-type-variable"},"_links":{"self":[{"href":"https:\/\/caboplano.pt\/index.php\/wp-json\/wp\/v2\/product\/187","targetHints":{"allow":["GET"]}}],"collection":[{"href":"https:\/\/caboplano.pt\/index.php\/wp-json\/wp\/v2\/product"}],"about":[{"href":"https:\/\/caboplano.pt\/index.php\/wp-json\/wp\/v2\/types\/product"}],"replies":[{"embeddable":true,"href":"https:\/\/caboplano.pt\/index.php\/wp-json\/wp\/v2\/comments?post=187"}],"wp:featuredmedia":[{"embeddable":true,"href":"https:\/\/caboplano.pt\/index.php\/wp-json\/wp\/v2\/media\/152"}],"wp:attachment":[{"href":"https:\/\/caboplano.pt\/index.php\/wp-json\/wp\/v2\/media?parent=187"}],"wp:term":[{"taxonomy":"product_brand","embeddable":true,"href":"https:\/\/caboplano.pt\/index.php\/wp-json\/wp\/v2\/product_brand?post=187"},{"taxonomy":"product_cat","embeddable":true,"href":"https:\/\/caboplano.pt\/index.php\/wp-json\/wp\/v2\/product_cat?post=187"},{"taxonomy":"product_tag","embeddable":true,"href":"https:\/\/caboplano.pt\/index.php\/wp-json\/wp\/v2\/product_tag?post=187"}],"curies":[{"name":"wp","href":"https:\/\/api.w.org\/{rel}","templated":true}]}}