{"id":233,"date":"2025-10-28T22:10:34","date_gmt":"2025-10-28T22:10:34","guid":{"rendered":"https:\/\/caboplano.pt\/?post_type=product&#038;p=233"},"modified":"2025-10-28T22:10:35","modified_gmt":"2025-10-28T22:10:35","slug":"kit-de-conexao-3-linhas","status":"publish","type":"product","link":"https:\/\/caboplano.pt\/index.php\/produto\/kit-de-conexao-3-linhas\/","title":{"rendered":"Kit de Conex\u00e3o 3 linhas"},"content":{"rendered":"<p style=\"font-weight: 400;\">Os adaptadores Magic Elek s\u00e3o f\u00e1ceis de usar e essenciais para estabelecer a liga\u00e7\u00e3o entre a corrente el\u00e9trica e o seu equipamento.<br \/>\nO kit inclui\u00a0<strong>um par de conectores<\/strong>\u00a0(caixa de prote\u00e7\u00e3o + domino), cada um ligado a um cabo tradicional de 15 cm com uma ficha macho e outra f\u00eamea.<br \/>\nPermite alimentar de um lado (ficha macho) e conectar o dispositivo do outro (ficha f\u00eamea), usando o\u00a0<strong>cabo ultra-plano Magic Elek<\/strong>\u00a0no meio.<\/p>\n<p style=\"font-weight: 400;\">Inclui tamb\u00e9m\u00a0<strong>acess\u00f3rios de montagem<\/strong>\u00a0(chave de fendas + fita adesiva dupla face + cola).<\/p>\n<p style=\"font-weight: 400;\"><strong>Conte\u00fado do kit:<\/strong><\/p>\n<ul>\n<li>2 \u00d7 Conectores adaptadores (para liga\u00e7\u00e3o \u00e0 tomada e ao equipamento)<\/li>\n<li>1 \u00d7 Ficha macho, 1 \u00d7 Tomada f\u00eamea, 1 \u00d7 Cabo descarnado<\/li>\n<li>2 \u00d7 Fitas adesivas dupla face para os conectores<\/li>\n<li>1 \u00d7 Chave de fendas<\/li>\n<li>1 \u00d7 Manual de utiliza\u00e7\u00e3o ilustrado<\/li>\n<\/ul>\n","protected":false},"excerpt":{"rendered":"<p>Os adaptadores Magic Elek s\u00e3o f\u00e1ceis de usar e essenciais para estabelecer a liga\u00e7\u00e3o entre a corrente el\u00e9trica e o seu equipamento. O kit inclui\u00a0um par de conectores\u00a0(caixa de prote\u00e7\u00e3o + domino), cada um ligado a um cabo tradicional de 15 cm com uma ficha macho e outra f\u00eamea. Permite alimentar de um lado (ficha [&hellip;]<\/p>\n","protected":false},"featured_media":240,"comment_status":"open","ping_status":"closed","template":"","meta":[],"product_brand":[],"product_cat":[18],"product_tag":[],"class_list":{"0":"post-233","1":"product","2":"type-product","3":"status-publish","4":"has-post-thumbnail","6":"product_cat-sem-categoria","8":"first","9":"instock","10":"shipping-taxable","11":"purchasable","12":"product-type-simple"},"_links":{"self":[{"href":"https:\/\/caboplano.pt\/index.php\/wp-json\/wp\/v2\/product\/233","targetHints":{"allow":["GET"]}}],"collection":[{"href":"https:\/\/caboplano.pt\/index.php\/wp-json\/wp\/v2\/product"}],"about":[{"href":"https:\/\/caboplano.pt\/index.php\/wp-json\/wp\/v2\/types\/product"}],"replies":[{"embeddable":true,"href":"https:\/\/caboplano.pt\/index.php\/wp-json\/wp\/v2\/comments?post=233"}],"wp:featuredmedia":[{"embeddable":true,"href":"https:\/\/caboplano.pt\/index.php\/wp-json\/wp\/v2\/media\/240"}],"wp:attachment":[{"href":"https:\/\/caboplano.pt\/index.php\/wp-json\/wp\/v2\/media?parent=233"}],"wp:term":[{"taxonomy":"product_brand","embeddable":true,"href":"https:\/\/caboplano.pt\/index.php\/wp-json\/wp\/v2\/product_brand?post=233"},{"taxonomy":"product_cat","embeddable":true,"href":"https:\/\/caboplano.pt\/index.php\/wp-json\/wp\/v2\/product_cat?post=233"},{"taxonomy":"product_tag","embeddable":true,"href":"https:\/\/caboplano.pt\/index.php\/wp-json\/wp\/v2\/product_tag?post=233"}],"curies":[{"name":"wp","href":"https:\/\/api.w.org\/{rel}","templated":true}]}}