{"id":251,"date":"2025-10-28T22:17:31","date_gmt":"2025-10-28T22:17:31","guid":{"rendered":"https:\/\/caboplano.pt\/?post_type=product&#038;p=251"},"modified":"2025-10-28T22:17:31","modified_gmt":"2025-10-28T22:17:31","slug":"domino-3-linhas-caixa-2-un","status":"publish","type":"product","link":"https:\/\/caboplano.pt\/index.php\/produto\/domino-3-linhas-caixa-2-un\/","title":{"rendered":"Domino 3 linhas + caixa (2 un.)"},"content":{"rendered":"<div>\n<p>O<span class=\"apple-converted-space\">\u00a0<\/span><strong>domino de 3 linhas<\/strong><span class=\"apple-converted-space\">\u00a0<\/span>permite fazer uma liga\u00e7\u00e3o direta entre o cabo ultra-plano 3 linhas e a instala\u00e7\u00e3o el\u00e9trica.<br \/>\nInclui<span class=\"apple-converted-space\">\u00a0<\/span><strong>caixa de prote\u00e7\u00e3o<\/strong>.<br \/>\n(Vendido em pack de 2 unidades)<\/p>\n<\/div>\n","protected":false},"excerpt":{"rendered":"<p>O\u00a0domino de 3 linhas\u00a0permite fazer uma liga\u00e7\u00e3o direta entre o cabo ultra-plano 3 linhas e a instala\u00e7\u00e3o el\u00e9trica. Inclui\u00a0caixa de prote\u00e7\u00e3o. (Vendido em pack de 2 unidades)<\/p>\n","protected":false},"featured_media":254,"comment_status":"open","ping_status":"closed","template":"","meta":[],"product_brand":[],"product_cat":[18],"product_tag":[],"class_list":{"0":"post-251","1":"product","2":"type-product","3":"status-publish","4":"has-post-thumbnail","6":"product_cat-sem-categoria","8":"first","9":"instock","10":"shipping-taxable","11":"purchasable","12":"product-type-simple"},"_links":{"self":[{"href":"https:\/\/caboplano.pt\/index.php\/wp-json\/wp\/v2\/product\/251","targetHints":{"allow":["GET"]}}],"collection":[{"href":"https:\/\/caboplano.pt\/index.php\/wp-json\/wp\/v2\/product"}],"about":[{"href":"https:\/\/caboplano.pt\/index.php\/wp-json\/wp\/v2\/types\/product"}],"replies":[{"embeddable":true,"href":"https:\/\/caboplano.pt\/index.php\/wp-json\/wp\/v2\/comments?post=251"}],"wp:featuredmedia":[{"embeddable":true,"href":"https:\/\/caboplano.pt\/index.php\/wp-json\/wp\/v2\/media\/254"}],"wp:attachment":[{"href":"https:\/\/caboplano.pt\/index.php\/wp-json\/wp\/v2\/media?parent=251"}],"wp:term":[{"taxonomy":"product_brand","embeddable":true,"href":"https:\/\/caboplano.pt\/index.php\/wp-json\/wp\/v2\/product_brand?post=251"},{"taxonomy":"product_cat","embeddable":true,"href":"https:\/\/caboplano.pt\/index.php\/wp-json\/wp\/v2\/product_cat?post=251"},{"taxonomy":"product_tag","embeddable":true,"href":"https:\/\/caboplano.pt\/index.php\/wp-json\/wp\/v2\/product_tag?post=251"}],"curies":[{"name":"wp","href":"https:\/\/api.w.org\/{rel}","templated":true}]}}