{"id":268,"date":"2025-10-28T22:25:57","date_gmt":"2025-10-28T22:25:57","guid":{"rendered":"https:\/\/caboplano.pt\/?post_type=product&#038;p=268"},"modified":"2025-10-28T22:25:59","modified_gmt":"2025-10-28T22:25:59","slug":"cabo-3-linhas-com-terra","status":"publish","type":"product","link":"https:\/\/caboplano.pt\/index.php\/produto\/cabo-3-linhas-com-terra\/","title":{"rendered":"Cabo 3 linhas (com terra)"},"content":{"rendered":"<p style=\"font-weight: 400;\">O \u00fanico cabo de alimenta\u00e7\u00e3o 230 V \/ 16 A\u00a0<strong>ultra-plano ajust\u00e1vel<\/strong>\u00a0do mundo.<br \/>\nDeve ser utilizado com os seus\u00a0<strong>conectores\/adaptadores Magic Elek<\/strong>.<\/p>\n<p style=\"font-weight: 400;\">Para encomendar o comprimento pretendido, indique o n\u00famero de\u00a0<strong>metros<\/strong>\u00a0em \u201cQuantidade\u201d.<br \/>\nExemplo: Para 2 m de cabo, insira\u00a0<strong>2<\/strong>.<\/p>\n<p style=\"font-weight: 400;\"><strong>Caracter\u00edsticas t\u00e9cnicas:<\/strong><\/p>\n<ul>\n<li>Cabo 3 linhas (fase, neutro e terra) 230 V \/ 16 A \u2013 3000 W<\/li>\n<li>Compat\u00edvel com baixa e alta tens\u00e3o<\/li>\n<li>Cort\u00e1vel \u00e0 medida com tesoura<\/li>\n<li>Resistente \u00e0 humidade<\/li>\n<li><strong>Ign\u00edfugo:<\/strong>n\u00e3o propaga fogo nem inflama em sobretens\u00e3o<\/li>\n<li>Comprimento personalizado at\u00e9 900 m (10 emendas m\u00e1x.)<\/li>\n<li>Resist\u00eancia linear a 23 \u00b0C: 100,5 \u03a9\/km m\u00e1x<\/li>\n<li>Temperatura de trabalho: \u201340 \u00b0C a +105 \u00b0C<\/li>\n<li>Resist\u00eancia de isolamento: 10 M\u03a9\u00b7m m\u00edn (500 VDC)<\/li>\n<li>Tens\u00e3o diel\u00e9trica m\u00ednima entre condutores: 500 V<\/li>\n<li>Resiste a press\u00e3o de 900 kg\/cm\u00b2<\/li>\n<li>Cor:<strong>branco \/ cobre<\/strong><\/li>\n<li>Fornecido em rolos<\/li>\n<\/ul>\n","protected":false},"excerpt":{"rendered":"<p>O \u00fanico cabo de alimenta\u00e7\u00e3o 230 V \/ 16 A\u00a0ultra-plano ajust\u00e1vel\u00a0do mundo. Deve ser utilizado com os seus\u00a0conectores\/adaptadores Magic Elek. Para encomendar o comprimento pretendido, indique o n\u00famero de\u00a0metros\u00a0em \u201cQuantidade\u201d. Exemplo: Para 2 m de cabo, insira\u00a02. Caracter\u00edsticas t\u00e9cnicas: Cabo 3 linhas (fase, neutro e terra) 230 V \/ 16 A \u2013 3000 W Compat\u00edvel [&hellip;]<\/p>\n","protected":false},"featured_media":276,"comment_status":"open","ping_status":"closed","template":"","meta":[],"product_brand":[],"product_cat":[18],"product_tag":[],"class_list":{"0":"post-268","1":"product","2":"type-product","3":"status-publish","4":"has-post-thumbnail","6":"product_cat-sem-categoria","8":"first","9":"instock","10":"shipping-taxable","11":"purchasable","12":"product-type-simple"},"_links":{"self":[{"href":"https:\/\/caboplano.pt\/index.php\/wp-json\/wp\/v2\/product\/268","targetHints":{"allow":["GET"]}}],"collection":[{"href":"https:\/\/caboplano.pt\/index.php\/wp-json\/wp\/v2\/product"}],"about":[{"href":"https:\/\/caboplano.pt\/index.php\/wp-json\/wp\/v2\/types\/product"}],"replies":[{"embeddable":true,"href":"https:\/\/caboplano.pt\/index.php\/wp-json\/wp\/v2\/comments?post=268"}],"wp:featuredmedia":[{"embeddable":true,"href":"https:\/\/caboplano.pt\/index.php\/wp-json\/wp\/v2\/media\/276"}],"wp:attachment":[{"href":"https:\/\/caboplano.pt\/index.php\/wp-json\/wp\/v2\/media?parent=268"}],"wp:term":[{"taxonomy":"product_brand","embeddable":true,"href":"https:\/\/caboplano.pt\/index.php\/wp-json\/wp\/v2\/product_brand?post=268"},{"taxonomy":"product_cat","embeddable":true,"href":"https:\/\/caboplano.pt\/index.php\/wp-json\/wp\/v2\/product_cat?post=268"},{"taxonomy":"product_tag","embeddable":true,"href":"https:\/\/caboplano.pt\/index.php\/wp-json\/wp\/v2\/product_tag?post=268"}],"curies":[{"name":"wp","href":"https:\/\/api.w.org\/{rel}","templated":true}]}}