{"id":277,"date":"2025-10-28T22:31:17","date_gmt":"2025-10-28T22:31:17","guid":{"rendered":"https:\/\/caboplano.pt\/?post_type=product&#038;p=277"},"modified":"2025-10-28T22:31:17","modified_gmt":"2025-10-28T22:31:17","slug":"papel-adesivo-decorativo-branco","status":"publish","type":"product","link":"https:\/\/caboplano.pt\/index.php\/produto\/papel-adesivo-decorativo-branco\/","title":{"rendered":"Papel adesivo decorativo branco"},"content":{"rendered":"<div>\n<p>A Magic Elek oferece uma alternativa \u00e0 pintura:<span class=\"apple-converted-space\">\u00a0<\/span><strong>papel adesivo branco<\/strong>, com novas cores brevemente dispon\u00edveis.<br \/>\nEscolha o tom ideal para combinar com o seu mobili\u00e1rio ou parede.<br \/>\nDispon\u00edvel em rolos de<span class=\"apple-converted-space\">\u00a0<\/span><strong>3 m<\/strong><span class=\"apple-converted-space\">\u00a0<\/span>ou<span class=\"apple-converted-space\">\u00a0<\/span><strong>10 m<\/strong>.<\/p>\n<\/div>\n","protected":false},"excerpt":{"rendered":"<p>A Magic Elek oferece uma alternativa \u00e0 pintura:\u00a0papel adesivo branco, com novas cores brevemente dispon\u00edveis. Escolha o tom ideal para combinar com o seu mobili\u00e1rio ou parede. Dispon\u00edvel em rolos de\u00a03 m\u00a0ou\u00a010 m.<\/p>\n","protected":false},"featured_media":278,"comment_status":"open","ping_status":"closed","template":"","meta":[],"product_brand":[],"product_cat":[18],"product_tag":[],"class_list":{"0":"post-277","1":"product","2":"type-product","3":"status-publish","4":"has-post-thumbnail","6":"product_cat-sem-categoria","8":"first","9":"instock","10":"shipping-taxable","11":"purchasable","12":"product-type-variable"},"_links":{"self":[{"href":"https:\/\/caboplano.pt\/index.php\/wp-json\/wp\/v2\/product\/277","targetHints":{"allow":["GET"]}}],"collection":[{"href":"https:\/\/caboplano.pt\/index.php\/wp-json\/wp\/v2\/product"}],"about":[{"href":"https:\/\/caboplano.pt\/index.php\/wp-json\/wp\/v2\/types\/product"}],"replies":[{"embeddable":true,"href":"https:\/\/caboplano.pt\/index.php\/wp-json\/wp\/v2\/comments?post=277"}],"wp:featuredmedia":[{"embeddable":true,"href":"https:\/\/caboplano.pt\/index.php\/wp-json\/wp\/v2\/media\/278"}],"wp:attachment":[{"href":"https:\/\/caboplano.pt\/index.php\/wp-json\/wp\/v2\/media?parent=277"}],"wp:term":[{"taxonomy":"product_brand","embeddable":true,"href":"https:\/\/caboplano.pt\/index.php\/wp-json\/wp\/v2\/product_brand?post=277"},{"taxonomy":"product_cat","embeddable":true,"href":"https:\/\/caboplano.pt\/index.php\/wp-json\/wp\/v2\/product_cat?post=277"},{"taxonomy":"product_tag","embeddable":true,"href":"https:\/\/caboplano.pt\/index.php\/wp-json\/wp\/v2\/product_tag?post=277"}],"curies":[{"name":"wp","href":"https:\/\/api.w.org\/{rel}","templated":true}]}}