{"id":285,"date":"2025-10-28T22:36:04","date_gmt":"2025-10-28T22:36:04","guid":{"rendered":"https:\/\/caboplano.pt\/?post_type=product&#038;p=285"},"modified":"2025-10-28T22:36:04","modified_gmt":"2025-10-28T22:36:04","slug":"coaxial-invisivel-2-m","status":"publish","type":"product","link":"https:\/\/caboplano.pt\/index.php\/produto\/coaxial-invisivel-2-m\/","title":{"rendered":"Coaxial INVIS\u00cdVEL 2 m"},"content":{"rendered":"<div>\n<p><strong>Cabo coaxial ULTRA PLANO 2 m<\/strong><br \/>\nCom os cabos WireSlim, desfrute dos cabos mais finos do mundo e elimine os fios \u00e0 vista em sua casa.<br \/>\nPara m\u00e1xima efici\u00eancia, os cabos podem ser escondidos sob<span class=\"apple-converted-space\">\u00a0<\/span><strong>tinta, papel de parede, carpete ou pavimento<\/strong>.<br \/>\nInstala\u00e7\u00e3o r\u00e1pida e simples \u2014 poupe tempo e renove completamente o aspeto do seu espa\u00e7o.<\/p>\n<\/div>\n","protected":false},"excerpt":{"rendered":"<p>Cabo coaxial ULTRA PLANO 2 m Com os cabos WireSlim, desfrute dos cabos mais finos do mundo e elimine os fios \u00e0 vista em sua casa. Para m\u00e1xima efici\u00eancia, os cabos podem ser escondidos sob\u00a0tinta, papel de parede, carpete ou pavimento. Instala\u00e7\u00e3o r\u00e1pida e simples \u2014 poupe tempo e renove completamente o aspeto do seu [&hellip;]<\/p>\n","protected":false},"featured_media":286,"comment_status":"open","ping_status":"closed","template":"","meta":[],"product_brand":[],"product_cat":[18],"product_tag":[],"class_list":{"0":"post-285","1":"product","2":"type-product","3":"status-publish","4":"has-post-thumbnail","6":"product_cat-sem-categoria","8":"first","9":"instock","10":"shipping-taxable","11":"purchasable","12":"product-type-simple"},"_links":{"self":[{"href":"https:\/\/caboplano.pt\/index.php\/wp-json\/wp\/v2\/product\/285","targetHints":{"allow":["GET"]}}],"collection":[{"href":"https:\/\/caboplano.pt\/index.php\/wp-json\/wp\/v2\/product"}],"about":[{"href":"https:\/\/caboplano.pt\/index.php\/wp-json\/wp\/v2\/types\/product"}],"replies":[{"embeddable":true,"href":"https:\/\/caboplano.pt\/index.php\/wp-json\/wp\/v2\/comments?post=285"}],"wp:featuredmedia":[{"embeddable":true,"href":"https:\/\/caboplano.pt\/index.php\/wp-json\/wp\/v2\/media\/286"}],"wp:attachment":[{"href":"https:\/\/caboplano.pt\/index.php\/wp-json\/wp\/v2\/media?parent=285"}],"wp:term":[{"taxonomy":"product_brand","embeddable":true,"href":"https:\/\/caboplano.pt\/index.php\/wp-json\/wp\/v2\/product_brand?post=285"},{"taxonomy":"product_cat","embeddable":true,"href":"https:\/\/caboplano.pt\/index.php\/wp-json\/wp\/v2\/product_cat?post=285"},{"taxonomy":"product_tag","embeddable":true,"href":"https:\/\/caboplano.pt\/index.php\/wp-json\/wp\/v2\/product_tag?post=285"}],"curies":[{"name":"wp","href":"https:\/\/api.w.org\/{rel}","templated":true}]}}