{"id":291,"date":"2025-10-28T22:39:43","date_gmt":"2025-10-28T22:39:43","guid":{"rendered":"https:\/\/caboplano.pt\/?post_type=product&#038;p=291"},"modified":"2025-10-28T22:39:43","modified_gmt":"2025-10-28T22:39:43","slug":"pack-tv-invisivel-2-m-hdmi-230-v","status":"publish","type":"product","link":"https:\/\/caboplano.pt\/index.php\/produto\/pack-tv-invisivel-2-m-hdmi-230-v\/","title":{"rendered":"Pack TV INVIS\u00cdVEL 2 m (HDMI + 230 V)"},"content":{"rendered":"<div>\n<p>Pack completo com o<span class=\"apple-converted-space\">\u00a0<\/span><strong>cabo el\u00e9trico ULTRA PLANO 2 m<\/strong><span class=\"apple-converted-space\">\u00a0<\/span>e o<span class=\"apple-converted-space\">\u00a0<\/span><strong>cabo HDMI ULTRA PLANO 2 m<\/strong>,<br \/>\nproporcionando uma solu\u00e7\u00e3o ideal para modernizar e simplificar a sua instala\u00e7\u00e3o dom\u00e9stica.<\/p>\n<\/div>\n","protected":false},"excerpt":{"rendered":"<p>Pack completo com o\u00a0cabo el\u00e9trico ULTRA PLANO 2 m\u00a0e o\u00a0cabo HDMI ULTRA PLANO 2 m, proporcionando uma solu\u00e7\u00e3o ideal para modernizar e simplificar a sua instala\u00e7\u00e3o dom\u00e9stica.<\/p>\n","protected":false},"featured_media":292,"comment_status":"open","ping_status":"closed","template":"","meta":[],"product_brand":[],"product_cat":[18],"product_tag":[],"class_list":{"0":"post-291","1":"product","2":"type-product","3":"status-publish","4":"has-post-thumbnail","6":"product_cat-sem-categoria","8":"first","9":"instock","10":"shipping-taxable","11":"purchasable","12":"product-type-simple"},"_links":{"self":[{"href":"https:\/\/caboplano.pt\/index.php\/wp-json\/wp\/v2\/product\/291","targetHints":{"allow":["GET"]}}],"collection":[{"href":"https:\/\/caboplano.pt\/index.php\/wp-json\/wp\/v2\/product"}],"about":[{"href":"https:\/\/caboplano.pt\/index.php\/wp-json\/wp\/v2\/types\/product"}],"replies":[{"embeddable":true,"href":"https:\/\/caboplano.pt\/index.php\/wp-json\/wp\/v2\/comments?post=291"}],"wp:featuredmedia":[{"embeddable":true,"href":"https:\/\/caboplano.pt\/index.php\/wp-json\/wp\/v2\/media\/292"}],"wp:attachment":[{"href":"https:\/\/caboplano.pt\/index.php\/wp-json\/wp\/v2\/media?parent=291"}],"wp:term":[{"taxonomy":"product_brand","embeddable":true,"href":"https:\/\/caboplano.pt\/index.php\/wp-json\/wp\/v2\/product_brand?post=291"},{"taxonomy":"product_cat","embeddable":true,"href":"https:\/\/caboplano.pt\/index.php\/wp-json\/wp\/v2\/product_cat?post=291"},{"taxonomy":"product_tag","embeddable":true,"href":"https:\/\/caboplano.pt\/index.php\/wp-json\/wp\/v2\/product_tag?post=291"}],"curies":[{"name":"wp","href":"https:\/\/api.w.org\/{rel}","templated":true}]}}